{"id":4677,"date":"2024-08-05T16:57:03","date_gmt":"2024-08-05T15:57:03","guid":{"rendered":"https:\/\/nazare-waterfun.com\/?post_type=product&#038;p=4677"},"modified":"2026-04-16T12:10:38","modified_gmt":"2026-04-16T11:10:38","slug":"chinelo-canyon-nw-vitton","status":"publish","type":"product","link":"https:\/\/nazare-waterfun.com\/en\/product\/chinelo-canyon-nw-vitton\/","title":{"rendered":"Canyon Prestige slipper"},"content":{"rendered":"<p>The Nazar\u00e9 Water Fun slippers, with their timeless design, are the combination of comfort and personality. Made in Portugal from genuine leather, they have anti-corrosion metal buckles. Designed to adapt to your foot, they are ideal for everyday use and have a non-slip sole.<\/p>\n<p>\u2022\u2060 \u2060Inner sole: Suede<br \/>\n\u2022\u2060 \u2060Insole material: Cork with anatomical shape<br \/>\n\u2022\u2060 \u2060Outsole: EVA<br \/>\n\u2022\u2060\u00a0\u2060Upper:\u00a0Leather<\/p>\n<p>&nbsp;<\/p>\n<hr \/>\n<p><em>Size Guide<\/em><br \/>\n<em>This flip-flop shape usually requires a larger size than what you usually purchase.<\/em><\/p>\n<p><em>1.\u2060 \u2060Position a ruler against a wall (with the zero against the wall).<\/em><br \/>\n<em>2.\u2060 \u2060Step on the ruler, placing your heel against the wall. Stand up.<\/em><br \/>\n<em>3. Check how far the big toe reaches. Measure both feet. If there is a difference in size between your feet, consider the largest measurement.<\/em><\/p>\n<p><em>EUR CM<\/em><br \/>\n<em>35\u00a0 \u00a0 \u00a0 \u00a0 \u00a021,5<\/em><br \/>\n<em>36\u00a0 \u00a0 \u00a0 \u00a0 \u00a022<\/em><br \/>\n<em>37\u00a0 \u00a0 \u00a0 \u00a0 \u00a022,5<\/em><br \/>\n<em>38\u00a0 \u00a0 \u00a0 \u00a0 \u00a023<\/em><br \/>\n<em>39\u00a0 \u00a0 \u00a0 \u00a0 \u00a023,5<\/em><br \/>\n<em>40\u00a0 \u00a0 \u00a0 \u00a0 \u00a024<\/em><br \/>\n<em>41\u00a0 \u00a0 \u00a0 \u00a0 \u00a0 25<\/em><br \/>\n<em>42\u00a0 \u00a0 \u00a0 \u00a0 \u00a025,5<\/em><br \/>\n<em>43\u00a0 \u00a0 \u00a0 \u00a0 \u00a026<\/em><br \/>\n<em>44\u00a0 \u00a0 \u00a0 \u00a0 \u00a026,5<\/em><br \/>\n<em>45\u00a0 \u00a0 \u00a0 \u00a0 \u00a027,5<\/em><br \/>\n<em>46\u00a0 \u00a0 \u00a0 \u00a0 \u00a028,5<\/em><\/p>","protected":false},"excerpt":{"rendered":"<p><strong>Canyon Prestige slipper<\/strong><\/p>\n<p>Chinelos anat\u00f3micos com duas fivelas ajust\u00e1veis, feito \u00e0 m\u00e3o e fabricado em Portugal. Pele genu\u00edna. Entressola de corti\u00e7a natural.<\/p>","protected":false},"featured_media":4680,"comment_status":"closed","ping_status":"closed","template":"","meta":[],"product_brand":[107],"product_cat":[123,52],"product_tag":[],"class_list":{"0":"post-4677","1":"product","2":"type-product","3":"status-publish","4":"has-post-thumbnail","6":"product_brand-nazare-water-fun","7":"product_cat-calcado","8":"product_cat-chinelos","10":"first","11":"instock","12":"taxable","13":"shipping-taxable","14":"purchasable","15":"product-type-variable"},"_links":{"self":[{"href":"https:\/\/nazare-waterfun.com\/en\/wp-json\/wp\/v2\/product\/4677","targetHints":{"allow":["GET"]}}],"collection":[{"href":"https:\/\/nazare-waterfun.com\/en\/wp-json\/wp\/v2\/product"}],"about":[{"href":"https:\/\/nazare-waterfun.com\/en\/wp-json\/wp\/v2\/types\/product"}],"replies":[{"embeddable":true,"href":"https:\/\/nazare-waterfun.com\/en\/wp-json\/wp\/v2\/comments?post=4677"}],"wp:featuredmedia":[{"embeddable":true,"href":"https:\/\/nazare-waterfun.com\/en\/wp-json\/wp\/v2\/media\/4680"}],"wp:attachment":[{"href":"https:\/\/nazare-waterfun.com\/en\/wp-json\/wp\/v2\/media?parent=4677"}],"wp:term":[{"taxonomy":"product_brand","embeddable":true,"href":"https:\/\/nazare-waterfun.com\/en\/wp-json\/wp\/v2\/product_brand?post=4677"},{"taxonomy":"product_cat","embeddable":true,"href":"https:\/\/nazare-waterfun.com\/en\/wp-json\/wp\/v2\/product_cat?post=4677"},{"taxonomy":"product_tag","embeddable":true,"href":"https:\/\/nazare-waterfun.com\/en\/wp-json\/wp\/v2\/product_tag?post=4677"}],"curies":[{"name":"wp","href":"https:\/\/api.w.org\/{rel}","templated":true}]}}