{"id":6254,"date":"2025-12-16T23:03:42","date_gmt":"2025-12-16T22:03:42","guid":{"rendered":"https:\/\/nazare-waterfun.com\/?post_type=product&#038;p=6254"},"modified":"2026-04-16T12:25:20","modified_gmt":"2026-04-16T11:25:20","slug":"clogs-vaca","status":"publish","type":"product","link":"https:\/\/nazare-waterfun.com\/en\/product\/clogs-vaca\/","title":{"rendered":"Clogs\u00a0Vaca"},"content":{"rendered":"<p>Os Clogs da Nazar\u00e9 Water Fun com design intemporal s\u00e3o a jun\u00e7\u00e3o de conforto e personalidade. Fabricados em Portugal e com pele genu\u00edna, possuem fivelas met\u00e1licas anticorros\u00e3o. Concebidos para se adaptarem ao seu p\u00e9 s\u00e3o ideias para o dia-a-dia com sola antiderrapante. Temos dispon\u00edveis em v\u00e1rias cores.<\/p>\n<p>\u2022\u2060 \u2060Inner sole: Suede<br \/>\n\u2022\u2060 \u2060Insole material: Cork with anatomical shape<br \/>\n\u2022\u2060 \u2060Outsole: EVA<br \/>\n\u2022\u2060\u00a0\u2060Upper:\u00a0Leather<\/p>\n<p>&nbsp;<\/p>\n<hr \/>\n<p><em>Size Guide<\/em><br \/>\n<em>This flip-flop shape usually requires a larger size than what you usually purchase.<\/em><\/p>\n<p><em>1.\u2060 \u2060Position a ruler against a wall (with the zero against the wall).<\/em><br \/>\n<em>2.\u2060 \u2060Step on the ruler, placing your heel against the wall. Stand up.<\/em><br \/>\n<em>3. Check how far the big toe reaches. Measure both feet. If there is a difference in size between your feet, consider the largest measurement.<\/em><\/p>\n<p><em>EUR CM<\/em><br \/>\n<em>35\u00a0 \u00a0 \u00a0 \u00a0 \u00a021,5<\/em><br \/>\n<em>36\u00a0 \u00a0 \u00a0 \u00a0 \u00a022<\/em><br \/>\n<em>37\u00a0 \u00a0 \u00a0 \u00a0 \u00a022,5<\/em><br \/>\n<em>38\u00a0 \u00a0 \u00a0 \u00a0 \u00a023<\/em><br \/>\n<em>39\u00a0 \u00a0 \u00a0 \u00a0 \u00a023,5<\/em><br \/>\n<em>40\u00a0 \u00a0 \u00a0 \u00a0 \u00a024<\/em><br \/>\n<em>41\u00a0 \u00a0 \u00a0 \u00a0 \u00a0 25<\/em><br \/>\n<em>42\u00a0 \u00a0 \u00a0 \u00a0 \u00a025,5<\/em><br \/>\n<em>43\u00a0 \u00a0 \u00a0 \u00a0 \u00a026<\/em><br \/>\n<em>44\u00a0 \u00a0 \u00a0 \u00a0 \u00a026,5<\/em><br \/>\n<em>45\u00a0 \u00a0 \u00a0 \u00a0 \u00a027,5<\/em><br \/>\n<em>46\u00a0 \u00a0 \u00a0 \u00a0 \u00a028,5<\/em><\/p>","protected":false},"excerpt":{"rendered":"<p><strong>Socos &#8211; Faux Fur Clogs\u00a0<\/strong><\/p>\n<p>Chinelo anat\u00f3micos com fivela ajust\u00e1vel, feito \u00e0 m\u00e3o e fabricado em Portugal. Pele genu\u00edna. Entressola de corti\u00e7a natural.<\/p>\n<p>&nbsp;<\/p>","protected":false},"featured_media":6263,"comment_status":"closed","ping_status":"closed","template":"","meta":[],"product_brand":[107],"product_cat":[123,72],"product_tag":[112,118,119,114,117],"class_list":{"0":"post-6254","1":"product","2":"type-product","3":"status-publish","4":"has-post-thumbnail","6":"product_brand-nazare-water-fun","7":"product_cat-calcado","8":"product_cat-socos","9":"product_tag-clogs","10":"product_tag-cow","11":"product_tag-fur","12":"product_tag-pelo","13":"product_tag-vaca","15":"first","16":"instock","17":"taxable","18":"shipping-taxable","19":"purchasable","20":"product-type-variable"},"_links":{"self":[{"href":"https:\/\/nazare-waterfun.com\/en\/wp-json\/wp\/v2\/product\/6254","targetHints":{"allow":["GET"]}}],"collection":[{"href":"https:\/\/nazare-waterfun.com\/en\/wp-json\/wp\/v2\/product"}],"about":[{"href":"https:\/\/nazare-waterfun.com\/en\/wp-json\/wp\/v2\/types\/product"}],"replies":[{"embeddable":true,"href":"https:\/\/nazare-waterfun.com\/en\/wp-json\/wp\/v2\/comments?post=6254"}],"wp:featuredmedia":[{"embeddable":true,"href":"https:\/\/nazare-waterfun.com\/en\/wp-json\/wp\/v2\/media\/6263"}],"wp:attachment":[{"href":"https:\/\/nazare-waterfun.com\/en\/wp-json\/wp\/v2\/media?parent=6254"}],"wp:term":[{"taxonomy":"product_brand","embeddable":true,"href":"https:\/\/nazare-waterfun.com\/en\/wp-json\/wp\/v2\/product_brand?post=6254"},{"taxonomy":"product_cat","embeddable":true,"href":"https:\/\/nazare-waterfun.com\/en\/wp-json\/wp\/v2\/product_cat?post=6254"},{"taxonomy":"product_tag","embeddable":true,"href":"https:\/\/nazare-waterfun.com\/en\/wp-json\/wp\/v2\/product_tag?post=6254"}],"curies":[{"name":"wp","href":"https:\/\/api.w.org\/{rel}","templated":true}]}}