{"id":4837,"date":"2025-04-17T00:00:10","date_gmt":"2025-04-16T23:00:10","guid":{"rendered":"https:\/\/nazare-waterfun.com\/?post_type=product&#038;p=4837"},"modified":"2026-04-16T12:27:28","modified_gmt":"2026-04-16T11:27:28","slug":"poincons-derable","status":"publish","type":"product","link":"https:\/\/nazare-waterfun.com\/fr\/product\/socos-bordo\/","title":{"rendered":"Poin\u00e7ons de Bordeaux"},"content":{"rendered":"<p><strong>Bordeaux Punches | Nazar\u00e9 Water Fun<\/strong><\/p>\n<p class=\"\" data-start=\"407\" data-end=\"712\">Style, confort et une touche de Nazar\u00e9 \u00e0 vos pieds.<br data-start=\"503\" data-end=\"506\" \/>Nos Bordeaux Punches sont id\u00e9ales pour ceux qui veulent vivre l'\u00e9t\u00e9 avec authenticit\u00e9 et l\u00e9g\u00e8ret\u00e9. Avec leur design iconique et leur semelle confortable, elles sont parfaites pour les journ\u00e9es \u00e0 la plage, les promenades ou tout simplement pour se d\u00e9tendre.<\/p>\n<p class=\"\" data-start=\"714\" data-end=\"867\">Disponible exclusivement au Nazar\u00e9 Water Fun Store et ici sur notre site web.<\/p>\n<p style=\"padding-left: 40px;\" data-start=\"714\" data-end=\"867\">L\u00e9ger. Pratique. Avec de la personnalit\u00e9.<br data-start=\"832\" data-end=\"835\" \/>Pantalons d'\u00e9t\u00e9. Pantalon Nazar\u00e9.<\/p>\n<hr \/>\n<p>&nbsp;<\/p>\n<p style=\"padding-left: 40px;\"><strong><em>Guide des Tailles<\/em><\/strong><\/p>\n<p style=\"padding-left: 40px;\"><em>1. Mesurez les deux pieds<\/em><br \/>\n<em>2.\u2060 \u2060Montez sur la r\u00e8gle en pla\u00e7ant votre talon contre le mur. Se lever.<\/em><br \/>\n<em>3. V\u00e9rifiez jusqu\u2019o\u00f9 atteint le gros orteil. Mesurez les deux pieds. S'il y a une diff\u00e9rence de taille entre vos pieds, consid\u00e9rez la mesure la plus grande.<\/em><\/p>\n<p style=\"padding-left: 40px;\"><strong><em>EUR CM<\/em><\/strong><br \/>\n<em>34\u00a0 \u00a0 \u00a0 \u00a0 \u00a021<\/em><br \/>\n<em>35\u00a0 \u00a0 \u00a0 \u00a0 \u00a021,5<\/em><br \/>\n<em>36\u00a0 \u00a0 \u00a0 \u00a0 \u00a022<\/em><br \/>\n<em>37\u00a0 \u00a0 \u00a0 \u00a0 \u00a022,5<\/em><br \/>\n<em>38\u00a0 \u00a0 \u00a0 \u00a0 \u00a023<\/em><br \/>\n<em>39\u00a0 \u00a0 \u00a0 \u00a0 \u00a023,5<\/em><br \/>\n<em>40\u00a0 \u00a0 \u00a0 \u00a0 \u00a024<\/em><br \/>\n<em>41\u00a0 \u00a0 \u00a0 \u00a0 \u00a0 25<\/em><br \/>\n<em>42\u00a0 \u00a0 \u00a0 \u00a0 \u00a025,5<\/em><br \/>\n<em>43\u00a0 \u00a0 \u00a0 \u00a0 \u00a026<\/em><br \/>\n<em>44\u00a0 \u00a0 \u00a0 \u00a0 \u00a026,5<\/em><br \/>\n<em>45\u00a0 \u00a0 \u00a0 \u00a0 \u00a027,5<\/em><\/p>","protected":false},"excerpt":{"rendered":"<p><strong>Bordeaux Punches | Nazar\u00e9 Water Fun<\/strong><\/p>\n<p>Profond, intense et avec un air distinctif.<br data-start=\"2258\" data-end=\"2261\" \/>Les poin\u00e7ons Bordeaux sont parfaits pour ceux qui souhaitent une touche plus \u00e9l\u00e9gante et plus frappante, sans pour autant perdre en confort.<br data-start=\"2366\" data-end=\"2369\" \/>Pour ceux qui ont de l'attitude - m\u00eame en vacances.<\/p>","protected":false},"featured_media":4852,"comment_status":"closed","ping_status":"closed","template":"","meta":[],"product_brand":[107],"product_cat":[123,72],"product_tag":[],"class_list":{"0":"post-4837","1":"product","2":"type-product","3":"status-publish","4":"has-post-thumbnail","6":"product_brand-nazare-water-fun","7":"product_cat-calcado","8":"product_cat-socos","9":"pa_cor-bordo","11":"first","12":"instock","13":"taxable","14":"shipping-taxable","15":"purchasable","16":"product-type-variable"},"_links":{"self":[{"href":"https:\/\/nazare-waterfun.com\/fr\/wp-json\/wp\/v2\/product\/4837","targetHints":{"allow":["GET"]}}],"collection":[{"href":"https:\/\/nazare-waterfun.com\/fr\/wp-json\/wp\/v2\/product"}],"about":[{"href":"https:\/\/nazare-waterfun.com\/fr\/wp-json\/wp\/v2\/types\/product"}],"replies":[{"embeddable":true,"href":"https:\/\/nazare-waterfun.com\/fr\/wp-json\/wp\/v2\/comments?post=4837"}],"wp:featuredmedia":[{"embeddable":true,"href":"https:\/\/nazare-waterfun.com\/fr\/wp-json\/wp\/v2\/media\/4852"}],"wp:attachment":[{"href":"https:\/\/nazare-waterfun.com\/fr\/wp-json\/wp\/v2\/media?parent=4837"}],"wp:term":[{"taxonomy":"product_brand","embeddable":true,"href":"https:\/\/nazare-waterfun.com\/fr\/wp-json\/wp\/v2\/product_brand?post=4837"},{"taxonomy":"product_cat","embeddable":true,"href":"https:\/\/nazare-waterfun.com\/fr\/wp-json\/wp\/v2\/product_cat?post=4837"},{"taxonomy":"product_tag","embeddable":true,"href":"https:\/\/nazare-waterfun.com\/fr\/wp-json\/wp\/v2\/product_tag?post=4837"}],"curies":[{"name":"wp","href":"https:\/\/api.w.org\/{rel}","templated":true}]}}