{"id":4840,"date":"2025-04-17T00:00:54","date_gmt":"2025-04-16T23:00:54","guid":{"rendered":"https:\/\/nazare-waterfun.com\/?post_type=product&#038;p=4840"},"modified":"2026-04-16T12:26:22","modified_gmt":"2026-04-16T11:26:22","slug":"socos-preto","status":"publish","type":"product","link":"https:\/\/nazare-waterfun.com\/fr\/product\/socos-preto\/","title":{"rendered":"Poin\u00e7ons noirs"},"content":{"rendered":"<p><strong>Socos Pretos | Nazar\u00e9 Water Fun<\/strong><\/p>\n<p class=\"\" data-start=\"407\" data-end=\"712\">Style, confort et une touche de Nazar\u00e9 \u00e0 vos pieds.<br data-start=\"503\" data-end=\"506\" \/>Os nossos Socos em Preto s\u00e3o ideais para quem quer viver o ver\u00e3o com autenticidade e leveza. Com um design ic\u00f3nico e uma sola confort\u00e1vel, s\u00e3o perfeitos para dias de praia, passeios ou simplesmente relaxar.<\/p>\n<p class=\"\" data-start=\"714\" data-end=\"867\">Disponible exclusivement au Nazar\u00e9 Water Fun Store et ici sur notre site web.<\/p>\n<p style=\"padding-left: 40px;\" data-start=\"714\" data-end=\"867\">L\u00e9ger. Pratique. Avec de la personnalit\u00e9.<br data-start=\"832\" data-end=\"835\" \/>Pantalons d'\u00e9t\u00e9. Pantalon Nazar\u00e9.<\/p>\n<hr \/>\n<p>&nbsp;<\/p>\n<p style=\"padding-left: 40px;\"><strong><em>Guide des Tailles<\/em><\/strong><\/p>\n<p style=\"padding-left: 40px;\"><em>1. Mesurez les deux pieds<\/em><br \/>\n<em>2.\u2060 \u2060Montez sur la r\u00e8gle en pla\u00e7ant votre talon contre le mur. Se lever.<\/em><br \/>\n<em>3. V\u00e9rifiez jusqu\u2019o\u00f9 atteint le gros orteil. Mesurez les deux pieds. S'il y a une diff\u00e9rence de taille entre vos pieds, consid\u00e9rez la mesure la plus grande.<\/em><\/p>\n<p style=\"padding-left: 40px;\"><strong><em>EUR CM<\/em><\/strong><br \/>\n<em>34\u00a0 \u00a0 \u00a0 \u00a0 \u00a021<\/em><br \/>\n<em>35\u00a0 \u00a0 \u00a0 \u00a0 \u00a021,5<\/em><br \/>\n<em>36\u00a0 \u00a0 \u00a0 \u00a0 \u00a022<\/em><br \/>\n<em>37\u00a0 \u00a0 \u00a0 \u00a0 \u00a022,5<\/em><br \/>\n<em>38\u00a0 \u00a0 \u00a0 \u00a0 \u00a023<\/em><br \/>\n<em>39\u00a0 \u00a0 \u00a0 \u00a0 \u00a023,5<\/em><br \/>\n<em>40\u00a0 \u00a0 \u00a0 \u00a0 \u00a024<\/em><br \/>\n<em>41\u00a0 \u00a0 \u00a0 \u00a0 \u00a0 25<\/em><br \/>\n<em>42\u00a0 \u00a0 \u00a0 \u00a0 \u00a025,5<\/em><br \/>\n<em>43\u00a0 \u00a0 \u00a0 \u00a0 \u00a026<\/em><br \/>\n<em>44\u00a0 \u00a0 \u00a0 \u00a0 \u00a026,5<\/em><br \/>\n<em>45\u00a0 \u00a0 \u00a0 \u00a0 \u00a027,5<\/em><\/p>","protected":false},"excerpt":{"rendered":"<p><strong>Socos Pretos | Nazar\u00e9 Water Fun<\/strong><\/p>\n<p>Cl\u00e1ssicos, vers\u00e1teis e cheios de atitude.<br \/>\nOs Socos Pretos s\u00e3o para quem gosta de manter o estilo simples mas marcante. V\u00e3o com tudo, em qualquer ocasi\u00e3o, do pared\u00e3o \u00e0 areia quente.<br \/>\nMinimalismo com alma da Nazar\u00e9.<\/p>","protected":false},"featured_media":4845,"comment_status":"closed","ping_status":"closed","template":"","meta":[],"product_brand":[107],"product_cat":[123,72],"product_tag":[],"class_list":{"0":"post-4840","1":"product","2":"type-product","3":"status-publish","4":"has-post-thumbnail","6":"product_brand-nazare-water-fun","7":"product_cat-calcado","8":"product_cat-socos","9":"pa_cor-preto","11":"first","12":"instock","13":"taxable","14":"shipping-taxable","15":"purchasable","16":"product-type-variable"},"_links":{"self":[{"href":"https:\/\/nazare-waterfun.com\/fr\/wp-json\/wp\/v2\/product\/4840","targetHints":{"allow":["GET"]}}],"collection":[{"href":"https:\/\/nazare-waterfun.com\/fr\/wp-json\/wp\/v2\/product"}],"about":[{"href":"https:\/\/nazare-waterfun.com\/fr\/wp-json\/wp\/v2\/types\/product"}],"replies":[{"embeddable":true,"href":"https:\/\/nazare-waterfun.com\/fr\/wp-json\/wp\/v2\/comments?post=4840"}],"wp:featuredmedia":[{"embeddable":true,"href":"https:\/\/nazare-waterfun.com\/fr\/wp-json\/wp\/v2\/media\/4845"}],"wp:attachment":[{"href":"https:\/\/nazare-waterfun.com\/fr\/wp-json\/wp\/v2\/media?parent=4840"}],"wp:term":[{"taxonomy":"product_brand","embeddable":true,"href":"https:\/\/nazare-waterfun.com\/fr\/wp-json\/wp\/v2\/product_brand?post=4840"},{"taxonomy":"product_cat","embeddable":true,"href":"https:\/\/nazare-waterfun.com\/fr\/wp-json\/wp\/v2\/product_cat?post=4840"},{"taxonomy":"product_tag","embeddable":true,"href":"https:\/\/nazare-waterfun.com\/fr\/wp-json\/wp\/v2\/product_tag?post=4840"}],"curies":[{"name":"wp","href":"https:\/\/api.w.org\/{rel}","templated":true}]}}