{"id":4859,"date":"2025-03-31T12:30:49","date_gmt":"2025-03-31T11:30:49","guid":{"rendered":"https:\/\/nazare-waterfun.com\/?post_type=product&#038;p=4859"},"modified":"2026-04-16T12:11:15","modified_gmt":"2026-04-16T11:11:15","slug":"casque-simba-sentinel","status":"publish","type":"product","link":"https:\/\/nazare-waterfun.com\/fr\/product\/simba-sentinel-helmet\/","title":{"rendered":"Casque de surf - Simba"},"content":{"rendered":"<h3 class=\"\" data-start=\"393\" data-end=\"430\"><strong data-start=\"397\" data-end=\"428\">Caract\u00e9ristiques :<\/strong><\/h3>\n<ul data-start=\"432\" data-end=\"1375\">\n<li class=\"\" data-start=\"432\" data-end=\"558\">\n<p class=\"\" data-start=\"434\" data-end=\"558\"><strong data-start=\"434\" data-end=\"472\">Protection avanc\u00e9e contre les chocs :<\/strong> D\u00e9velopp\u00e9 pour offrir un haut niveau de s\u00e9curit\u00e9 sans compromettre l'hydrodynamisme.<\/p>\n<\/li>\n<li class=\"\" data-start=\"559\" data-end=\"661\">\n<p class=\"\" data-start=\"561\" data-end=\"661\"><strong data-start=\"561\" data-end=\"582\">Coque robuste :<\/strong> Structur\u00e9 pour minimiser les dommages aux zones critiques de la t\u00eate lors de la pratique du surf.<\/p>\n<\/li>\n<li class=\"\" data-start=\"662\" data-end=\"761\">\n<p class=\"\" data-start=\"664\" data-end=\"761\"><strong data-start=\"664\" data-end=\"704\">Conception ergonomique et discr\u00e8te :<\/strong> Maximise la vision p\u00e9riph\u00e9rique et r\u00e9duit la tra\u00een\u00e9e dans l'eau.<\/p>\n<\/li>\n<li class=\"\" data-start=\"762\" data-end=\"889\">\n<p class=\"\" data-start=\"764\" data-end=\"889\"><strong data-start=\"764\" data-end=\"807\">Syst\u00e8me avanc\u00e9 de protection de l'oreille :<\/strong> Aide \u00e0 pr\u00e9venir les l\u00e9sions de l'oreille telles que l'exostose (oreille du surfeur).<\/p>\n<\/li>\n<li class=\"\" data-start=\"890\" data-end=\"1037\">\n<p class=\"\" data-start=\"892\" data-end=\"1037\"><strong data-start=\"892\" data-end=\"928\">Fermeture s\u00fbre et confortable :<\/strong> La mentonni\u00e8re r\u00e9glable est fabriqu\u00e9e \u00e0 partir de mat\u00e9riaux r\u00e9sistants \u00e0 la corrosion, id\u00e9aux pour une utilisation en eau sal\u00e9e.<\/p>\n<\/li>\n<li class=\"\" data-start=\"1038\" data-end=\"1144\">\n<p class=\"\" data-start=\"1040\" data-end=\"1144\"><strong data-start=\"1040\" data-end=\"1073\">Coussins amovibles Halofit :<\/strong> Ils permettent un ajustement personnalis\u00e9 pour plus de confort et de stabilit\u00e9.<\/p>\n<\/li>\n<li class=\"\" data-start=\"1145\" data-end=\"1289\">\n<p class=\"\" data-start=\"1147\" data-end=\"1289\"><strong data-start=\"1147\" data-end=\"1196\">Technologie d'absorption des chocs Layer-Tech :<\/strong> Le rembourrage interne repousse l'eau et dissipe efficacement l'\u00e9nergie des chocs.<\/p>\n<\/li>\n<li class=\"\" data-start=\"1290\" data-end=\"1375\">\n<p class=\"\" data-start=\"1292\" data-end=\"1375\"><strong data-start=\"1292\" data-end=\"1324\">Canaux de drainage internes :<\/strong> Ils facilitent la sortie rapide de l'eau apr\u00e8s l'immersion.<\/p>\n<\/li>\n<\/ul>","protected":false},"excerpt":{"rendered":"<p><strong>Casque de surf - Simba<\/strong><\/p>\n<p>Il a \u00e9t\u00e9 con\u00e7u pour \u00eatre ultra-l\u00e9ger, confortable et ne pas compromettre l'audition, l'\u00e9quilibre ou la vision p\u00e9riph\u00e9rique. Sa conception innovante prot\u00e8ge les zones strat\u00e9giques de la t\u00eate, en se concentrant sur les r\u00e9gions les plus vuln\u00e9rables aux chocs dans les sports nautiques, telles que le bas du front, les oreilles, le menton et les joues.<\/p>\n<p>Nous vous offrons la possibilit\u00e9 de personnaliser la couleur de votre casque pour un suppl\u00e9ment de 120 \u20ac, s\u00e9lectionnez \"couleur : personnalisable\", une fois l'achat effectu\u00e9, nous vous contacterons pour effectuer la personnalisation.<\/p>\n<p>&nbsp;<\/p>","protected":false},"featured_media":5052,"comment_status":"open","ping_status":"closed","template":"","meta":[],"product_brand":[],"product_cat":[135,73],"product_tag":[],"class_list":{"0":"post-4859","1":"product","2":"type-product","3":"status-publish","4":"has-post-thumbnail","6":"product_cat-capacetes","7":"product_cat-surf-agua","9":"first","10":"instock","11":"taxable","12":"shipping-taxable","13":"purchasable","14":"product-type-variable"},"_links":{"self":[{"href":"https:\/\/nazare-waterfun.com\/fr\/wp-json\/wp\/v2\/product\/4859","targetHints":{"allow":["GET"]}}],"collection":[{"href":"https:\/\/nazare-waterfun.com\/fr\/wp-json\/wp\/v2\/product"}],"about":[{"href":"https:\/\/nazare-waterfun.com\/fr\/wp-json\/wp\/v2\/types\/product"}],"replies":[{"embeddable":true,"href":"https:\/\/nazare-waterfun.com\/fr\/wp-json\/wp\/v2\/comments?post=4859"}],"wp:featuredmedia":[{"embeddable":true,"href":"https:\/\/nazare-waterfun.com\/fr\/wp-json\/wp\/v2\/media\/5052"}],"wp:attachment":[{"href":"https:\/\/nazare-waterfun.com\/fr\/wp-json\/wp\/v2\/media?parent=4859"}],"wp:term":[{"taxonomy":"product_brand","embeddable":true,"href":"https:\/\/nazare-waterfun.com\/fr\/wp-json\/wp\/v2\/product_brand?post=4859"},{"taxonomy":"product_cat","embeddable":true,"href":"https:\/\/nazare-waterfun.com\/fr\/wp-json\/wp\/v2\/product_cat?post=4859"},{"taxonomy":"product_tag","embeddable":true,"href":"https:\/\/nazare-waterfun.com\/fr\/wp-json\/wp\/v2\/product_tag?post=4859"}],"curies":[{"name":"wp","href":"https:\/\/api.w.org\/{rel}","templated":true}]}}