{"id":5055,"date":"2025-05-15T12:00:22","date_gmt":"2025-05-15T11:00:22","guid":{"rendered":"https:\/\/nazare-waterfun.com\/?post_type=product&#038;p=5055"},"modified":"2026-04-16T12:02:54","modified_gmt":"2026-04-16T11:02:54","slug":"aqua-canyon-ete-2025","status":"publish","type":"product","link":"https:\/\/nazare-waterfun.com\/fr\/product\/aqua-canyon-summer-2025\/","title":{"rendered":"Aqua Canyon \u00e9t\u00e9 2025"},"content":{"rendered":"<p data-start=\"227\" data-end=\"443\"><strong>Aqua Canyon Summer 2025 | Nazar\u00e9 Water Fun<\/strong><\/p>\n<p data-start=\"227\" data-end=\"443\">La version Aqua de la collection Canyon Summer 2025 apporte la l\u00e9g\u00e8ret\u00e9 des jours chauds et la simplicit\u00e9 des couleurs naturelles. Un mod\u00e8le con\u00e7u pour aller avec tout - d\u00e9contract\u00e9, polyvalent et toujours pr\u00eat \u00e0 vous accompagner.<\/p>\n<p data-start=\"445\" data-end=\"642\">Avec une boucle r\u00e9glable et une semelle ergonomique, il offre un confort tout au long de la journ\u00e9e et un ajustement parfait.<br data-start=\"546\" data-end=\"549\" \/>Parfait pour marcher lentement, profiter du soleil et laisser l'\u00e9t\u00e9 se d\u00e9rouler \u00e0 son rythme.<\/p>\n<hr \/>\n<p style=\"padding-left: 40px;\"><strong><em>Guide des Tailles<\/em><\/strong><\/p>\n<p style=\"padding-left: 40px;\"><em>1. Mesurez les deux pieds<\/em><br \/>\n<em>2.\u2060 \u2060Montez sur la r\u00e8gle en pla\u00e7ant votre talon contre le mur. Se lever.<\/em><br \/>\n<em>3. V\u00e9rifiez jusqu\u2019o\u00f9 atteint le gros orteil. Mesurez les deux pieds. S'il y a une diff\u00e9rence de taille entre vos pieds, consid\u00e9rez la mesure la plus grande.<\/em><\/p>\n<p><img fetchpriority=\"high\" decoding=\"async\" class=\"wp-image-5191 aligncenter\" src=\"https:\/\/nazare-waterfun.com\/wp-content\/uploads\/2025\/05\/guia_tamanhos_chinelos-300x300.png\" alt=\"\" width=\"500\" height=\"500\" srcset=\"https:\/\/nazare-waterfun.com\/wp-content\/uploads\/2025\/05\/guia_tamanhos_chinelos-300x300.png 300w, https:\/\/nazare-waterfun.com\/wp-content\/uploads\/2025\/05\/guia_tamanhos_chinelos-1024x1024.png 1024w, https:\/\/nazare-waterfun.com\/wp-content\/uploads\/2025\/05\/guia_tamanhos_chinelos-150x150.png 150w, https:\/\/nazare-waterfun.com\/wp-content\/uploads\/2025\/05\/guia_tamanhos_chinelos-768x768.png 768w, https:\/\/nazare-waterfun.com\/wp-content\/uploads\/2025\/05\/guia_tamanhos_chinelos-1536x1536.png 1536w, https:\/\/nazare-waterfun.com\/wp-content\/uploads\/2025\/05\/guia_tamanhos_chinelos-2048x2048.png 2048w, https:\/\/nazare-waterfun.com\/wp-content\/uploads\/2025\/05\/guia_tamanhos_chinelos-12x12.png 12w, https:\/\/nazare-waterfun.com\/wp-content\/uploads\/2025\/05\/guia_tamanhos_chinelos-600x600.png 600w, https:\/\/nazare-waterfun.com\/wp-content\/uploads\/2025\/05\/guia_tamanhos_chinelos-100x100.png 100w\" sizes=\"(max-width: 500px) 100vw, 500px\" \/><\/p>\n<p>&nbsp;<\/p>\n<p>&nbsp;<\/p>","protected":false},"excerpt":{"rendered":"<p data-start=\"201\" data-end=\"418\"><strong>Aqua Canyon Summer 2025 | Nazar\u00e9 Water Fun<\/strong><\/p>\n<p data-start=\"201\" data-end=\"418\">Un style d\u00e9contract\u00e9 avec une touche naturelle.<br data-start=\"236\" data-end=\"239\" \/>Les pantoufles de la collection <em data-start=\"262\" data-end=\"282\">Canyon \u00e9t\u00e9 2025<\/em> allient confort, l\u00e9g\u00e8ret\u00e9 et design moderne. Avec une boucle r\u00e9glable et une semelle ergonomique, elles sont parfaites pour les journ\u00e9es chaudes et insouciantes.<\/p>\n<p data-start=\"420\" data-end=\"486\">Disponible en plusieurs couleurs.<\/p>","protected":false},"featured_media":5116,"comment_status":"closed","ping_status":"closed","template":"","meta":[],"product_brand":[107],"product_cat":[123,52],"product_tag":[],"class_list":{"0":"post-5055","1":"product","2":"type-product","3":"status-publish","4":"has-post-thumbnail","6":"product_brand-nazare-water-fun","7":"product_cat-calcado","8":"product_cat-chinelos","10":"first","11":"instock","12":"taxable","13":"shipping-taxable","14":"purchasable","15":"product-type-variable"},"_links":{"self":[{"href":"https:\/\/nazare-waterfun.com\/fr\/wp-json\/wp\/v2\/product\/5055","targetHints":{"allow":["GET"]}}],"collection":[{"href":"https:\/\/nazare-waterfun.com\/fr\/wp-json\/wp\/v2\/product"}],"about":[{"href":"https:\/\/nazare-waterfun.com\/fr\/wp-json\/wp\/v2\/types\/product"}],"replies":[{"embeddable":true,"href":"https:\/\/nazare-waterfun.com\/fr\/wp-json\/wp\/v2\/comments?post=5055"}],"wp:featuredmedia":[{"embeddable":true,"href":"https:\/\/nazare-waterfun.com\/fr\/wp-json\/wp\/v2\/media\/5116"}],"wp:attachment":[{"href":"https:\/\/nazare-waterfun.com\/fr\/wp-json\/wp\/v2\/media?parent=5055"}],"wp:term":[{"taxonomy":"product_brand","embeddable":true,"href":"https:\/\/nazare-waterfun.com\/fr\/wp-json\/wp\/v2\/product_brand?post=5055"},{"taxonomy":"product_cat","embeddable":true,"href":"https:\/\/nazare-waterfun.com\/fr\/wp-json\/wp\/v2\/product_cat?post=5055"},{"taxonomy":"product_tag","embeddable":true,"href":"https:\/\/nazare-waterfun.com\/fr\/wp-json\/wp\/v2\/product_tag?post=5055"}],"curies":[{"name":"wp","href":"https:\/\/api.w.org\/{rel}","templated":true}]}}