{"id":5345,"date":"2025-05-30T14:37:55","date_gmt":"2025-05-30T13:37:55","guid":{"rendered":"https:\/\/nazare-waterfun.com\/?post_type=product&#038;p=5345"},"modified":"2026-04-16T11:38:21","modified_gmt":"2026-04-16T10:38:21","slug":"taupe-paillete-canyon-metal","status":"publish","type":"product","link":"https:\/\/nazare-waterfun.com\/fr\/product\/taupe-brilho-canyon-metal\/","title":{"rendered":"Taupe Shine Canyon Metal"},"content":{"rendered":"<p>Les tongs Nazar\u00e9 Water Fun, au design intemporel, allient confort et personnalit\u00e9. Fabriqu\u00e9es au Portugal en cuir v\u00e9ritable, elles sont dot\u00e9es de boucles en m\u00e9tal anticorrosion. Con\u00e7ues pour s'adapter \u00e0 votre pied, elles sont id\u00e9ales pour un usage quotidien gr\u00e2ce \u00e0 leur semelle antid\u00e9rapante.<\/p>\n<p>\u2022 Semelle int\u00e9rieure : Daim<br \/>\n\u2022 Mat\u00e9riau de la semelle int\u00e9rieure : Li\u00e8ge de forme anatomique<br \/>\n\u2022\u2060 Semelle ext\u00e9rieure : EVA<br \/>\n\u2022\u2060 Tige : Cuir<\/p>\n<p>&nbsp;<\/p>\n<hr \/>\n<p><em>Guide des Tailles<\/em><br \/>\n<em>Ce format de sandale n\u00e9cessite g\u00e9n\u00e9ralement une taille plus grande que celle que vous achetez habituellement.<\/em><\/p>\n<p><em>1. Mesurez les deux pieds<\/em><br \/>\n<em>2.\u2060 \u2060Montez sur la r\u00e8gle en pla\u00e7ant votre talon contre le mur. Se lever.<\/em><br \/>\n<em>3. V\u00e9rifiez jusqu\u2019o\u00f9 atteint le gros orteil. Mesurez les deux pieds. S'il y a une diff\u00e9rence de taille entre vos pieds, consid\u00e9rez la mesure la plus grande.<\/em><\/p>\n<p><em>EUR CM<\/em><br \/>\n<em>35\u00a0 \u00a0 \u00a0 \u00a0 \u00a021,5<\/em><br \/>\n<em>36\u00a0 \u00a0 \u00a0 \u00a0 \u00a022<\/em><br \/>\n<em>37\u00a0 \u00a0 \u00a0 \u00a0 \u00a022,5<\/em><br \/>\n<em>38\u00a0 \u00a0 \u00a0 \u00a0 \u00a023<\/em><br \/>\n<em>39\u00a0 \u00a0 \u00a0 \u00a0 \u00a023,5<\/em><br \/>\n<em>40\u00a0 \u00a0 \u00a0 \u00a0 \u00a024<\/em><br \/>\n<em>41\u00a0 \u00a0 \u00a0 \u00a0 \u00a0 25<\/em><br \/>\n<em>42\u00a0 \u00a0 \u00a0 \u00a0 \u00a025,5<\/em><br \/>\n<em>43\u00a0 \u00a0 \u00a0 \u00a0 \u00a026<\/em><br \/>\n<em>44\u00a0 \u00a0 \u00a0 \u00a0 \u00a026,5<\/em><br \/>\n<em>45\u00a0 \u00a0 \u00a0 \u00a0 \u00a027,5<\/em><br \/>\n<em>46\u00a0 \u00a0 \u00a0 \u00a0 \u00a028,5<\/em><\/p>","protected":false},"excerpt":{"rendered":"<p><strong>Taupe Shine Canyon Metal<\/strong><\/p>\n<p>Sandales anatomiques avec deux boucles r\u00e9glables, fabriqu\u00e9es \u00e0 la main et Au Portugal.\nCuir v\u00e9ritable. \nDouble semelle en li\u00e8ge naturel.<\/p>\n<p>&nbsp;<\/p>","protected":false},"featured_media":4734,"comment_status":"closed","ping_status":"closed","template":"","meta":[],"product_brand":[107],"product_cat":[123,52],"product_tag":[],"class_list":{"0":"post-5345","1":"product","2":"type-product","3":"status-publish","4":"has-post-thumbnail","6":"product_brand-nazare-water-fun","7":"product_cat-calcado","8":"product_cat-chinelos","10":"first","11":"instock","12":"taxable","13":"shipping-taxable","14":"purchasable","15":"product-type-variable"},"_links":{"self":[{"href":"https:\/\/nazare-waterfun.com\/fr\/wp-json\/wp\/v2\/product\/5345","targetHints":{"allow":["GET"]}}],"collection":[{"href":"https:\/\/nazare-waterfun.com\/fr\/wp-json\/wp\/v2\/product"}],"about":[{"href":"https:\/\/nazare-waterfun.com\/fr\/wp-json\/wp\/v2\/types\/product"}],"replies":[{"embeddable":true,"href":"https:\/\/nazare-waterfun.com\/fr\/wp-json\/wp\/v2\/comments?post=5345"}],"wp:featuredmedia":[{"embeddable":true,"href":"https:\/\/nazare-waterfun.com\/fr\/wp-json\/wp\/v2\/media\/4734"}],"wp:attachment":[{"href":"https:\/\/nazare-waterfun.com\/fr\/wp-json\/wp\/v2\/media?parent=5345"}],"wp:term":[{"taxonomy":"product_brand","embeddable":true,"href":"https:\/\/nazare-waterfun.com\/fr\/wp-json\/wp\/v2\/product_brand?post=5345"},{"taxonomy":"product_cat","embeddable":true,"href":"https:\/\/nazare-waterfun.com\/fr\/wp-json\/wp\/v2\/product_cat?post=5345"},{"taxonomy":"product_tag","embeddable":true,"href":"https:\/\/nazare-waterfun.com\/fr\/wp-json\/wp\/v2\/product_tag?post=5345"}],"curies":[{"name":"wp","href":"https:\/\/api.w.org\/{rel}","templated":true}]}}